{"id":4317,"date":"2022-02-16T15:13:29","date_gmt":"2022-02-16T14:13:29","guid":{"rendered":"https:\/\/www.elemento4.es\/productos\/filtro-puro\/puro-direct\/"},"modified":"2022-02-21T11:06:45","modified_gmt":"2022-02-21T10:06:45","slug":"puro-direct","status":"publish","type":"page","link":"https:\/\/www.elemento4.es\/es\/productos\/filtro-puro\/puro-direct\/","title":{"rendered":"PURO direct"},"content":{"rendered":"\t\t<div data-elementor-type=\"wp-page\" data-elementor-id=\"4317\" class=\"elementor elementor-4317 elementor-2636\" data-elementor-post-type=\"page\">\n\t\t\t\t\t\t<section class=\"elementor-section elementor-top-section elementor-element elementor-element-5d2b1efb elementor-section-height-min-height elementor-section-content-middle elementor-section-boxed elementor-section-height-default elementor-section-items-middle\" data-id=\"5d2b1efb\" data-element_type=\"section\" data-e-type=\"section\" data-settings=\"{&quot;background_background&quot;:&quot;classic&quot;}\">\n\t\t\t\t\t\t<div class=\"elementor-container elementor-column-gap-default\">\n\t\t\t\t\t<div class=\"elementor-column elementor-col-50 elementor-top-column elementor-element elementor-element-32f41a25\" data-id=\"32f41a25\" data-element_type=\"column\" data-e-type=\"column\">\n\t\t\t<div class=\"elementor-widget-wrap elementor-element-populated\">\n\t\t\t\t\t\t<div class=\"elementor-element elementor-element-35056acc elementor-widget elementor-widget-image\" data-id=\"35056acc\" data-element_type=\"widget\" data-e-type=\"widget\" data-widget_type=\"image.default\">\n\t\t\t\t<div class=\"elementor-widget-container\">\n\t\t\t\t\t\t\t\t\t\t\t\t\t\t\t<img fetchpriority=\"high\" decoding=\"async\" width=\"1308\" height=\"1307\" src=\"https:\/\/www.elemento4.es\/wp-content\/uploads\/2021\/10\/elemento4-puro-direct-osmose-wasserfilter-01.jpg\" class=\"attachment-large size-large wp-image-2523\" alt=\"\" srcset=\"https:\/\/www.elemento4.es\/wp-content\/uploads\/2021\/10\/elemento4-puro-direct-osmose-wasserfilter-01.jpg 1308w, https:\/\/www.elemento4.es\/wp-content\/uploads\/2021\/10\/elemento4-puro-direct-osmose-wasserfilter-01-1200x1200.jpg 1200w, https:\/\/www.elemento4.es\/wp-content\/uploads\/2021\/10\/elemento4-puro-direct-osmose-wasserfilter-01-150x150.jpg 150w, https:\/\/www.elemento4.es\/wp-content\/uploads\/2021\/10\/elemento4-puro-direct-osmose-wasserfilter-01-768x767.jpg 768w\" sizes=\"(max-width: 1308px) 100vw, 1308px\" \/>\t\t\t\t\t\t\t\t\t\t\t\t\t\t\t<\/div>\n\t\t\t\t<\/div>\n\t\t\t\t\t<\/div>\n\t\t<\/div>\n\t\t\t\t<div class=\"elementor-column elementor-col-50 elementor-top-column elementor-element elementor-element-a92af5\" data-id=\"a92af5\" data-element_type=\"column\" data-e-type=\"column\">\n\t\t\t<div class=\"elementor-widget-wrap elementor-element-populated\">\n\t\t\t\t\t\t<section class=\"elementor-section elementor-inner-section elementor-element elementor-element-390877bd elementor-section-boxed elementor-section-height-default elementor-section-height-default\" data-id=\"390877bd\" data-element_type=\"section\" data-e-type=\"section\">\n\t\t\t\t\t\t<div class=\"elementor-container elementor-column-gap-no\">\n\t\t\t\t\t<div class=\"elementor-column elementor-col-100 elementor-inner-column elementor-element elementor-element-1a62812\" data-id=\"1a62812\" data-element_type=\"column\" data-e-type=\"column\" data-settings=\"{&quot;background_background&quot;:&quot;classic&quot;}\">\n\t\t\t<div class=\"elementor-widget-wrap elementor-element-populated\">\n\t\t\t\t\t\t<div class=\"elementor-element elementor-element-6c9e4b18 elementor-widget elementor-widget-heading\" data-id=\"6c9e4b18\" data-element_type=\"widget\" data-e-type=\"widget\" data-widget_type=\"heading.default\">\n\t\t\t\t<div class=\"elementor-widget-container\">\n\t\t\t\t\t<h1 class=\"elementor-heading-title elementor-size-default\">PURO direct<\/h1>\t\t\t\t<\/div>\n\t\t\t\t<\/div>\n\t\t\t\t<div class=\"elementor-element elementor-element-3818caa1 elementor-widget elementor-widget-heading\" data-id=\"3818caa1\" data-element_type=\"widget\" data-e-type=\"widget\" data-widget_type=\"heading.default\">\n\t\t\t\t<div class=\"elementor-widget-container\">\n\t\t\t\t\t<h2 class=\"elementor-heading-title elementor-size-default\">Agua m\u00e1s pura en cualquier momento y sin esperar<\/h2>\t\t\t\t<\/div>\n\t\t\t\t<\/div>\n\t\t\t\t<div class=\"elementor-element elementor-element-19a89d44 elementor-widget elementor-widget-text-editor\" data-id=\"19a89d44\" data-element_type=\"widget\" data-e-type=\"widget\" data-widget_type=\"text-editor.default\">\n\t\t\t\t<div class=\"elementor-widget-container\">\n\t\t\t\t\t\t\t\t\t<p>Con este sistema \u00abtodo en uno\u00bb (sistema de flujo directo), enseguida obtendr\u00e1 agua fresca, clara y saludable.<br \/>\nAs\u00ed se elimina el riesgo de g\u00e9rmenes por almacenar el agua filtrada en un dep\u00f3sito que ocupa mucho espacio.<\/p>\n\t\t\t\t\t\t\t\t<\/div>\n\t\t\t\t<\/div>\n\t\t\t\t\t<\/div>\n\t\t<\/div>\n\t\t\t\t\t<\/div>\n\t\t<\/section>\n\t\t\t\t\t<\/div>\n\t\t<\/div>\n\t\t\t\t\t<\/div>\n\t\t<\/section>\n\t\t\t\t<section class=\"elementor-section elementor-top-section elementor-element elementor-element-e32f81d elementor-section-height-min-height elementor-section-boxed elementor-section-height-default elementor-section-items-middle\" data-id=\"e32f81d\" data-element_type=\"section\" data-e-type=\"section\" data-settings=\"{&quot;background_background&quot;:&quot;classic&quot;}\">\n\t\t\t\t\t\t\t<div class=\"elementor-background-overlay\"><\/div>\n\t\t\t\t\t\t\t<div class=\"elementor-container elementor-column-gap-default\">\n\t\t\t\t\t<div class=\"elementor-column elementor-col-100 elementor-top-column elementor-element elementor-element-7c1ea857\" data-id=\"7c1ea857\" data-element_type=\"column\" data-e-type=\"column\">\n\t\t\t<div class=\"elementor-widget-wrap elementor-element-populated\">\n\t\t\t\t\t\t<div class=\"elementor-element elementor-element-61492afc elementor-widget elementor-widget-heading\" data-id=\"61492afc\" data-element_type=\"widget\" data-e-type=\"widget\" data-settings=\"{&quot;motion_fx_motion_fx_scrolling&quot;:&quot;yes&quot;,&quot;motion_fx_opacity_effect&quot;:&quot;yes&quot;,&quot;motion_fx_opacity_direction&quot;:&quot;out-in-out&quot;,&quot;motion_fx_opacity_range&quot;:{&quot;unit&quot;:&quot;%&quot;,&quot;size&quot;:&quot;&quot;,&quot;sizes&quot;:{&quot;start&quot;:44,&quot;end&quot;:59}},&quot;motion_fx_opacity_level&quot;:{&quot;unit&quot;:&quot;px&quot;,&quot;size&quot;:10,&quot;sizes&quot;:[]},&quot;motion_fx_devices&quot;:[&quot;desktop&quot;,&quot;tablet&quot;,&quot;mobile&quot;]}\" data-widget_type=\"heading.default\">\n\t\t\t\t<div class=\"elementor-widget-container\">\n\t\t\t\t\t<h2 class=\"elementor-heading-title elementor-size-default\">\u00d3smosis sin dep\u00f3sito de agua. M\u00e1s informaci\u00f3n sobre el PURO direct<\/h2>\t\t\t\t<\/div>\n\t\t\t\t<\/div>\n\t\t\t\t\t<\/div>\n\t\t<\/div>\n\t\t\t\t\t<\/div>\n\t\t<\/section>\n\t\t\t\t<section class=\"elementor-section elementor-top-section elementor-element elementor-element-3f23f80e elementor-section-height-min-height elementor-section-boxed elementor-section-height-default elementor-section-items-middle\" data-id=\"3f23f80e\" data-element_type=\"section\" data-e-type=\"section\" data-settings=\"{&quot;background_background&quot;:&quot;classic&quot;}\">\n\t\t\t\t\t\t\t<div class=\"elementor-background-overlay\"><\/div>\n\t\t\t\t\t\t\t<div class=\"elementor-container elementor-column-gap-default\">\n\t\t\t\t\t<div class=\"elementor-column elementor-col-100 elementor-top-column elementor-element elementor-element-2e8d2d7e\" data-id=\"2e8d2d7e\" data-element_type=\"column\" data-e-type=\"column\" data-settings=\"{&quot;motion_fx_motion_fx_scrolling&quot;:&quot;yes&quot;,&quot;motion_fx_opacity_effect&quot;:&quot;yes&quot;,&quot;motion_fx_opacity_direction&quot;:&quot;out-in-out&quot;,&quot;motion_fx_opacity_range&quot;:{&quot;unit&quot;:&quot;%&quot;,&quot;size&quot;:&quot;&quot;,&quot;sizes&quot;:{&quot;start&quot;:44,&quot;end&quot;:59}},&quot;motion_fx_opacity_level&quot;:{&quot;unit&quot;:&quot;px&quot;,&quot;size&quot;:10,&quot;sizes&quot;:[]},&quot;motion_fx_devices&quot;:[&quot;desktop&quot;,&quot;tablet&quot;,&quot;mobile&quot;]}\">\n\t\t\t<div class=\"elementor-widget-wrap elementor-element-populated\">\n\t\t\t\t\t\t<div class=\"elementor-element elementor-element-32ac7705 elementor-widget elementor-widget-heading\" data-id=\"32ac7705\" data-element_type=\"widget\" data-e-type=\"widget\" data-widget_type=\"heading.default\">\n\t\t\t\t<div class=\"elementor-widget-container\">\n\t\t\t\t\t<h3 class=\"elementor-heading-title elementor-size-default\">Ventajas especiales del producto:<\/h3>\t\t\t\t<\/div>\n\t\t\t\t<\/div>\n\t\t\t\t\t<\/div>\n\t\t<\/div>\n\t\t\t\t\t<\/div>\n\t\t<\/section>\n\t\t\t\t<section class=\"elementor-section elementor-top-section elementor-element elementor-element-548524bf elementor-section-height-min-height elementor-section-boxed elementor-section-height-default elementor-section-items-middle\" data-id=\"548524bf\" data-element_type=\"section\" data-e-type=\"section\">\n\t\t\t\t\t\t\t<div class=\"elementor-background-overlay\"><\/div>\n\t\t\t\t\t\t\t<div class=\"elementor-container elementor-column-gap-default\">\n\t\t\t\t\t<div class=\"elementor-column elementor-col-100 elementor-top-column elementor-element elementor-element-29e5a44f\" data-id=\"29e5a44f\" data-element_type=\"column\" data-e-type=\"column\" data-settings=\"{&quot;motion_fx_motion_fx_scrolling&quot;:&quot;yes&quot;,&quot;motion_fx_opacity_effect&quot;:&quot;yes&quot;,&quot;motion_fx_opacity_direction&quot;:&quot;out-in-out&quot;,&quot;motion_fx_opacity_range&quot;:{&quot;unit&quot;:&quot;%&quot;,&quot;size&quot;:&quot;&quot;,&quot;sizes&quot;:{&quot;start&quot;:44,&quot;end&quot;:59}},&quot;motion_fx_opacity_level&quot;:{&quot;unit&quot;:&quot;px&quot;,&quot;size&quot;:10,&quot;sizes&quot;:[]},&quot;motion_fx_devices&quot;:[&quot;desktop&quot;,&quot;tablet&quot;,&quot;mobile&quot;]}\">\n\t\t\t<div class=\"elementor-widget-wrap elementor-element-populated\">\n\t\t\t\t\t\t<div class=\"elementor-element elementor-element-3cc0a278 elementor-widget elementor-widget-text-editor\" data-id=\"3cc0a278\" data-element_type=\"widget\" data-e-type=\"widget\" data-widget_type=\"text-editor.default\">\n\t\t\t\t<div class=\"elementor-widget-container\">\n\t\t\t\t\t\t\t\t\t<p>Ahorro de espacio y eficacia: con nuestro sistema PURO DIRECT, podr\u00e1 disfrutar de todas las ventajas de la filtraci\u00f3n por \u00f3smosis, pero sin tiempo de espera: el sistema de flujo directo permite la extracci\u00f3n directa del agua y no requiere un dep\u00f3sito de agua para el almacenamiento intermedio.<\/p>\n\t\t\t\t\t\t\t\t<\/div>\n\t\t\t\t<\/div>\n\t\t\t\t\t<\/div>\n\t\t<\/div>\n\t\t\t\t\t<\/div>\n\t\t<\/section>\n\t\t\t\t<section class=\"elementor-section elementor-top-section elementor-element elementor-element-3c40f4fa elementor-section-height-min-height elementor-section-boxed elementor-section-height-default elementor-section-items-middle\" data-id=\"3c40f4fa\" data-element_type=\"section\" data-e-type=\"section\">\n\t\t\t\t\t\t\t<div class=\"elementor-background-overlay\"><\/div>\n\t\t\t\t\t\t\t<div class=\"elementor-container elementor-column-gap-default\">\n\t\t\t\t\t<div class=\"elementor-column elementor-col-50 elementor-top-column elementor-element elementor-element-71a817b7\" data-id=\"71a817b7\" data-element_type=\"column\" data-e-type=\"column\">\n\t\t\t<div class=\"elementor-widget-wrap elementor-element-populated\">\n\t\t\t\t\t\t<div class=\"elementor-element elementor-element-2d1fadc6 elementor-widget elementor-widget-image\" data-id=\"2d1fadc6\" data-element_type=\"widget\" data-e-type=\"widget\" data-widget_type=\"image.default\">\n\t\t\t\t<div class=\"elementor-widget-container\">\n\t\t\t\t\t\t\t\t\t\t\t\t\t\t\t<img decoding=\"async\" width=\"1308\" height=\"1307\" src=\"https:\/\/www.elemento4.es\/wp-content\/uploads\/2021\/10\/elemento4-puro-direct-osmose-wasserfilter-01.jpg\" class=\"attachment-full size-full wp-image-2523\" alt=\"\" srcset=\"https:\/\/www.elemento4.es\/wp-content\/uploads\/2021\/10\/elemento4-puro-direct-osmose-wasserfilter-01.jpg 1308w, https:\/\/www.elemento4.es\/wp-content\/uploads\/2021\/10\/elemento4-puro-direct-osmose-wasserfilter-01-1200x1200.jpg 1200w, https:\/\/www.elemento4.es\/wp-content\/uploads\/2021\/10\/elemento4-puro-direct-osmose-wasserfilter-01-150x150.jpg 150w, https:\/\/www.elemento4.es\/wp-content\/uploads\/2021\/10\/elemento4-puro-direct-osmose-wasserfilter-01-768x767.jpg 768w\" sizes=\"(max-width: 1308px) 100vw, 1308px\" \/>\t\t\t\t\t\t\t\t\t\t\t\t\t\t\t<\/div>\n\t\t\t\t<\/div>\n\t\t\t\t<div class=\"elementor-element elementor-element-6928b85e elementor-widget elementor-widget-text-editor\" data-id=\"6928b85e\" data-element_type=\"widget\" data-e-type=\"widget\" data-widget_type=\"text-editor.default\">\n\t\t\t\t<div class=\"elementor-widget-container\">\n\t\t\t\t\t\t\t\t\t<h3>Aspectos t\u00e9cnicos destacados PURO direct:<\/h3>\n<ul>\n<li>Primera capa filtrante: Filtra los sedimentos, el \u00f3xido, las materias en suspensi\u00f3n y otras part\u00edculas grandes del agua.<\/li>\n<li>Capa de bloque de carb\u00f3n activado: Elimina las sustancias org\u00e1nicas, el cloro, el sabor y el olor.<\/li>\n<li>Segunda capa filtrante: Contin\u00faa eliminando la materia en suspensi\u00f3n y otras impurezas.<\/li>\n<li>Membrana: Con una precisi\u00f3n de filtraci\u00f3n de 0,0001 \u00b5m, captura las sustancias org\u00e1nicas, las sales y los metales pesados del agua. Filtro de carb\u00f3n activado: Mejora el sabor del agua<span class=\"Apple-converted-space\"> <\/span><\/li>\n<li>Potencia nominal 85 vatios<\/li>\n<li>Conexi\u00f3n 230V~ 50Hz<\/li>\n<li>Caudal 1,5 litros\/minuto<\/li>\n<li>Relaci\u00f3n agua buena\/residual muy eficiente<\/li>\n<li>Membrana RO con un flujo de agua de 4 &#8211; 9 bar<\/li>\n<li>Capacidad total de filtraci\u00f3n 3.800 litros<\/li>\n<li>Presi\u00f3n del caudal de agua bruta 1 \u2013 6 bar<span class=\"Apple-converted-space\"> <\/span><\/li>\n<li>Altura carcasa 30,4cm<\/li>\n<li>Anchura carcasa 15,2cm<\/li>\n<li>Largo carcasa 40,6cm<\/li>\n<\/ul>\n<p><strong>Ll\u00e1menos: +34 971 142 272<\/strong><\/p>\n<p>En una conversaci\u00f3n detallada, abordamos sus problemas y deseos y juntos encontramos la soluci\u00f3n perfecta para usted.<\/p>\n\t\t\t\t\t\t\t\t<\/div>\n\t\t\t\t<\/div>\n\t\t\t\t<div class=\"elementor-element elementor-element-8b5892c elementor-align-justify elementor-widget elementor-widget-button\" data-id=\"8b5892c\" data-element_type=\"widget\" data-e-type=\"widget\" data-widget_type=\"button.default\">\n\t\t\t\t<div class=\"elementor-widget-container\">\n\t\t\t\t\t\t\t\t\t<div class=\"elementor-button-wrapper\">\n\t\t\t\t\t<a class=\"elementor-button elementor-button-link elementor-size-xl\" href=\"#elementor-action%3Aaction%3Dpopup%3Aopen%26settings%3DeyJpZCI6MTIwNiwidG9nZ2xlIjp0cnVlfQ%3D%3D\" target=\"_blank\">\n\t\t\t\t\t\t<span class=\"elementor-button-content-wrapper\">\n\t\t\t\t\t\t<span class=\"elementor-button-icon\">\n\t\t\t\t<i aria-hidden=\"true\" class=\"far fa-calendar-alt\"><\/i>\t\t\t<\/span>\n\t\t\t\t\t\t\t\t\t<span class=\"elementor-button-text\">Concertar una cita de consulta<\/span>\n\t\t\t\t\t<\/span>\n\t\t\t\t\t<\/a>\n\t\t\t\t<\/div>\n\t\t\t\t\t\t\t\t<\/div>\n\t\t\t\t<\/div>\n\t\t\t\t\t<\/div>\n\t\t<\/div>\n\t\t\t\t<div class=\"elementor-column elementor-col-50 elementor-top-column elementor-element elementor-element-7b096459\" data-id=\"7b096459\" data-element_type=\"column\" data-e-type=\"column\">\n\t\t\t<div class=\"elementor-widget-wrap\">\n\t\t\t\t\t\t\t<\/div>\n\t\t<\/div>\n\t\t\t\t\t<\/div>\n\t\t<\/section>\n\t\t\t\t<\/div>\n\t\t","protected":false},"excerpt":{"rendered":"<p>PURO direct Agua m\u00e1s pura en cualquier momento y sin esperar Con este sistema \u00abtodo en uno\u00bb (sistema de flujo directo), enseguida obtendr\u00e1 agua fresca, clara y saludable. As\u00ed se elimina el riesgo de g\u00e9rmenes por almacenar el agua filtrada en un dep\u00f3sito que ocupa mucho espacio. \u00d3smosis sin dep\u00f3sito de agua. M\u00e1s informaci\u00f3n sobre [&hellip;]<\/p>\n","protected":false},"author":2,"featured_media":0,"parent":4295,"menu_order":0,"comment_status":"closed","ping_status":"closed","template":"","meta":{"_acf_changed":false,"site-sidebar-layout":"no-sidebar","site-content-layout":"page-builder","ast-site-content-layout":"default","site-content-style":"default","site-sidebar-style":"default","ast-global-header-display":"","ast-banner-title-visibility":"","ast-main-header-display":"","ast-hfb-above-header-display":"","ast-hfb-below-header-display":"","ast-hfb-mobile-header-display":"","site-post-title":"disabled","ast-breadcrumbs-content":"","ast-featured-img":"disabled","footer-sml-layout":"","ast-disable-related-posts":"","theme-transparent-header-meta":"default","adv-header-id-meta":"","stick-header-meta":"default","header-above-stick-meta":"","header-main-stick-meta":"","header-below-stick-meta":"","astra-migrate-meta-layouts":"default","ast-page-background-enabled":"default","ast-page-background-meta":{"desktop":{"background-color":"","background-image":"","background-repeat":"repeat","background-position":"center center","background-size":"auto","background-attachment":"scroll","background-type":"","background-media":"","overlay-type":"","overlay-color":"","overlay-opacity":"","overlay-gradient":""},"tablet":{"background-color":"","background-image":"","background-repeat":"repeat","background-position":"center center","background-size":"auto","background-attachment":"scroll","background-type":"","background-media":"","overlay-type":"","overlay-color":"","overlay-opacity":"","overlay-gradient":""},"mobile":{"background-color":"","background-image":"","background-repeat":"repeat","background-position":"center center","background-size":"auto","background-attachment":"scroll","background-type":"","background-media":"","overlay-type":"","overlay-color":"","overlay-opacity":"","overlay-gradient":""}},"ast-content-background-meta":{"desktop":{"background-color":"var(--ast-global-color-5)","background-image":"","background-repeat":"repeat","background-position":"center center","background-size":"auto","background-attachment":"scroll","background-type":"","background-media":"","overlay-type":"","overlay-color":"","overlay-opacity":"","overlay-gradient":""},"tablet":{"background-color":"var(--ast-global-color-5)","background-image":"","background-repeat":"repeat","background-position":"center center","background-size":"auto","background-attachment":"scroll","background-type":"","background-media":"","overlay-type":"","overlay-color":"","overlay-opacity":"","overlay-gradient":""},"mobile":{"background-color":"var(--ast-global-color-5)","background-image":"","background-repeat":"repeat","background-position":"center center","background-size":"auto","background-attachment":"scroll","background-type":"","background-media":"","overlay-type":"","overlay-color":"","overlay-opacity":"","overlay-gradient":""}},"footnotes":""},"simple-restrict-permission":[],"class_list":["post-4317","page","type-page","status-publish","hentry"],"acf":[],"_links":{"self":[{"href":"https:\/\/www.elemento4.es\/es\/wp-json\/wp\/v2\/pages\/4317","targetHints":{"allow":["GET"]}}],"collection":[{"href":"https:\/\/www.elemento4.es\/es\/wp-json\/wp\/v2\/pages"}],"about":[{"href":"https:\/\/www.elemento4.es\/es\/wp-json\/wp\/v2\/types\/page"}],"author":[{"embeddable":true,"href":"https:\/\/www.elemento4.es\/es\/wp-json\/wp\/v2\/users\/2"}],"replies":[{"embeddable":true,"href":"https:\/\/www.elemento4.es\/es\/wp-json\/wp\/v2\/comments?post=4317"}],"version-history":[{"count":0,"href":"https:\/\/www.elemento4.es\/es\/wp-json\/wp\/v2\/pages\/4317\/revisions"}],"up":[{"embeddable":true,"href":"https:\/\/www.elemento4.es\/es\/wp-json\/wp\/v2\/pages\/4295"}],"wp:attachment":[{"href":"https:\/\/www.elemento4.es\/es\/wp-json\/wp\/v2\/media?parent=4317"}],"wp:term":[{"taxonomy":"simple-restrict-permission","embeddable":true,"href":"https:\/\/www.elemento4.es\/es\/wp-json\/wp\/v2\/simple-restrict-permission?post=4317"}],"curies":[{"name":"wp","href":"https:\/\/api.w.org\/{rel}","templated":true}]}}